{"id":836,"date":"2023-06-04T14:43:31","date_gmt":"2023-06-04T13:43:31","guid":{"rendered":"http:\/\/pierrecussac.com\/?page_id=836"},"modified":"2025-07-15T18:31:36","modified_gmt":"2025-07-15T17:31:36","slug":"presse","status":"publish","type":"page","link":"http:\/\/pierrecussac.com\/?page_id=836","title":{"rendered":"Presse"},"content":{"rendered":"\n<p><strong> Jean-Luc Clairet \/ ResMusica (25\/05\/2023) <\/strong><\/p>\n\n\n\n<p align=\"justify\">L\u2019homme-orchestre (et siffleur \u00e0 l\u2019occasion) [\u2026]\ndote chacune des c\u00e9l\u00e8bres compositions, revisit\u00e9es avec un talent d\u2019orf\u00e8vre,\nd\u2019une dramaturgie propre. A-t-on entendu un accord\u00e9on [\u2026] aussi inventif, aussi\nintelligent ? [\u2026] Agathe Peyrat et Pierre Cussac offrent de&nbsp;<em>Je crois entendre encore<\/em>&nbsp;des&nbsp;<em>P\u00eacheurs de perles<\/em>, une interpr\u00e9tation suffocante\nd\u2019\u00e9motion. Une heure inoubliable, que l\u2019on pourra retrouver \u00e0 la fin de l\u2019\u00e9t\u00e9\nlors des&nbsp;<em>Rencontres musicales<\/em>&nbsp;de V\u00e9zelay.<\/p>\n\n\n\n<hr class=\"wp-block-separator has-css-opacity\"\/>\n\n\n\n<p><strong>CJM \/ Olyrix&nbsp;(26\/01\/2023)<\/strong><\/p>\n\n\n\n<p align=\"justify\">\u00c0 la t\u00eate de l&rsquo;Orchestre de l&rsquo;Op\u00e9ra,\nGustavo Dudamel&nbsp;donne vie \u00e0 ce r\u00e9pertoire trop rarement jou\u00e9 \u00e0 l\u2019op\u00e9ra, en\nlui insufflant ce qu\u2019il faut de mouvement et de th\u00e9\u00e2tre [\u2026] L\u2019orchestre se\nmontre lui aussi \u00e0 son meilleur, avec notamment [\u2026] (le) bandon\u00e9on de Pierre\nCussac qui r\u00e9pond au piano de Marianne Salmona pour un accompagnement tout en\npo\u00e9sie d\u2019<em>Oblivion<\/em>.<\/p>\n\n\n\n<hr class=\"wp-block-separator has-css-opacity\"\/>\n\n\n\n<p><strong>Pierre Gervasoni \/ Le Monde (23\/10\/2017)<\/strong><\/p>\n\n\n\n<p align=\"justify\">\u00ab Le clou du programme est sans conteste La Valse de Ravel, dans une version qui confie \u00e0 l\u2019accord\u00e9on de Pierre Cussac (quel phras\u00e9 !) l\u2019animation et la coordination du soul\u00e8vement collectif \u00bb<\/p>\n\n\n\n<hr class=\"wp-block-separator has-css-opacity\"\/>\n\n\n\n<p><strong>Anne Ibos-Aug\u00e9 \/ DIAPASON (20\/12\/2024)<\/strong><\/p>\n\n\n\n<p align=\"justify\">La soprano Agathe Peyrat et son complice accord\u00e9oniste Pierre Cussac racontent avec la gouaille et la causticit\u00e9 qui conviennent La Faute \u00e0 \u00c8ve d\u2019Anne Sylvestre.<\/p>\n\n\n\n<hr class=\"wp-block-separator has-css-opacity\"\/>\n\n\n\n<p><strong>Jean-Pierre Rousseau \/ Bachtrack (20\/12\/2024)<\/strong><\/p>\n\n\n\n<p align=\"justify\">Interpr\u00e9tation tout en finesse de la soprano Agathe Peyrat et de l&rsquo;accord\u00e9oniste Pierre Cussac.<\/p>\n\n\n\n<hr class=\"wp-block-separator has-css-opacity\"\/>\n\n\n\n<p><strong>Tania Bracq \/ Forum Op\u00e9ra (01\/02\/2025)<\/strong><\/p>\n\n\n\n<p align=\"justify\">La musicienne est \u00e9galement gambiste \u2013 ce qui est l\u2019occasion de moment suspendus avec l\u2019accord\u00e9on d\u00e9licat de Pierre Cussac. Les arrangements, intelligents, raffin\u00e9s, emploient des lignes musicales tir\u00e9es du Requiem ou de la marche turque qui, d\u00e9tourn\u00e9es, \u00e9voquent superbement la nature en imitation.<\/p>\n\n\n\n<hr class=\"wp-block-separator has-css-opacity\"\/>\n\n\n\n<p><strong>Jacques Denis \/ La Terrasse (19\/02\/2023)<\/strong><\/p>\n\n\n\n<p align=\"justify\">D\u2019un simple trait de voix et d\u2019un juste soufflet d\u2019accord\u00e9on, la chanteuse Agathe Peyrat et l\u2019accord\u00e9oniste Pierre Cussac d\u00e9fient la loi des genres en revisitant avec d\u00e9lice quelques bornes du r\u00e9pertoire.<\/p>\n\n\n\n<hr class=\"wp-block-separator has-css-opacity\"\/>\n\n\n\n<p><strong>Didier Robrieux \/ R\u00e9dactions, chroniques (Janvier 2023)<\/strong><\/p>\n\n\n\n<p align=\"justify\">\u00ab En poursuivant l\u2019exploration du CD, un grand plaisir s\u2019\u00e9veille \u00e0 l\u2019\u00e9coute de L\u00e9gende Parisienne [&#8230;], l\u2019accord\u00e9oniste Pierre Cussac fait preuve sur cette valse d\u2019une puret\u00e9, d\u2019une droiture, d\u2019une fluidit\u00e9 de jeu, d\u2019une expressivit\u00e9 rayonnante. Avec S\u00e9r\u00e9nade Parisienne sont mis \u00e0 l\u2019honneur les compositeurs \u00c9mile Carrara et Gus Viseur [\u2026] Il est vraiment bon de profiter de cette S\u00e9r\u00e9nade tendrement vals\u00e9e par le groupe Vuillemin toujours sous le lead d\u2019un Pierre Cussac en soliste lumineux, saillant, impressionnant [&#8230;] La version de [Esperame en el Cielo] conduite par le m\u00eame Pierre Cussac \u00e0 l&rsquo;accord\u00e9on est renversante ; le mot n\u2019est pas trop fort.\u00bb<\/p>\n\n\n\n<hr class=\"wp-block-separator has-css-opacity\"\/>\n\n\n\n<p><strong>Richard Martet \/ Op\u00e9ra Magazine (Avril 2017)<\/strong><\/p>\n\n\n\n<p align=\"justify\">\u00ab Quant aux instrumentistes, tous impeccables, on en d\u00e9tachera le remarquable Pierre Cussac \u00e0 l\u2019accord\u00e9on \u00bb<\/p>\n\n\n\n<hr class=\"wp-block-separator has-css-opacity\"\/>\n\n\n\n<p><strong>Yvan Beuvard \/ Forum Op\u00e9ra (29\/08\/2023)<\/strong><\/p>\n\n\n\n<p align=\"justify\">Le public le plus divers se bousculait pour trouver un si\u00e8ge libre. Duo insolite, pour d\u2019improbables musiques, toutes \u00e9galement s\u00e9duisantes : Agathe Peyrat, soprano de culture classique, au large ambitus et \u00e0 la diction exemplaire, aux couleurs adapt\u00e9es \u00e0 chaque pi\u00e8ce, jouant (fort bien) de l\u2019ukulele, s\u2019est associ\u00e9e \u00e0 Pierre Cussac, dont la ma\u00eetrise de l\u2019accord\u00e9on de concert est exemplaire. De surcro\u00eet, les interventions vocales de ce dernier ajoutent encore \u00e0 la palette. Le programme associe des chansons (de Paolo Conte \u00e0 Brigitte Fontaine \u2013 Eternelle \u2013 et Tr\u00e9net (le soleil a rendez-vous avec la lune) \u00e0 des m\u00e9lodies de Debussy, des airs lyriques (ainsi l\u2019air de Zurga des P\u00eacheurs de perles\u2026) dont l\u2019intelligence des interpr\u00e9tations force l\u2019admiration. Le clou du spectacle : un Bol\u00e9ro de Ravel o\u00f9 les voix, l\u2019ukulele en guise de caisse claire, et un accord\u00e9on magistral, restituent l\u2019incroyable progression, avec sa modulation attendue et son d\u00e9lire sonore. Un exploit, o\u00f9 l\u2019humour le dispute \u00e0 la tendresse.<\/p>\n\n\n\n<hr class=\"wp-block-separator has-css-opacity\"\/>\n\n\n\n<p><strong>Quentin Laurens \/ WebTh\u00e9\u00e2tre (04\/02\/2025)<\/strong><\/p>\n\n\n\n<p align=\"justify\">L\u2019association de la viole de gambe, de la voix et de l\u2019accord\u00e9on fonctionne parfaitement. On go\u00fbte la profondeur de l\u2019accord\u00e9on et ses couleurs polyphoniques, gr\u00e2ce \u00e0 des arrangements heureux de Pierre Cussac. Et l\u2019on confirme que Mozart \u00e0 l\u2019accord\u00e9on est une bonne id\u00e9e. [&#8230;] Les instruments servent aussi \u00e0 illustrer les \u00e9l\u00e9ments auxquels le jeune Wolf\/gang se confronte : la pluie, l\u2019orage, le vent\u2026 Le tapis sonore compos\u00e9 par cet attelage in\u00e9dit est riche et fid\u00e8le \u00e0 la musique de Mozart.<\/p>\n\n\n\n<hr class=\"wp-block-separator has-css-opacity\"\/>\n\n\n\n<p><strong>Lucas Biela \/ Clair Obscur (15\/02\/2025)<\/strong><\/p>\n\n\n\n<p align=\"justify\">Pierre Cussac [\u2026] assure la premi\u00e8re partie du concert ce 7 f\u00e9vrier au Caf\u00e9 de la Danse. Seul sur sc\u00e8ne, c\u2019est avec son accord\u00e9on et suivant un r\u00e9pertoire \u00e9clectique qu\u2019il nous fait voyager \u00e0 travers le Br\u00e9sil, l\u2019Italie, l\u2019Argentine et, bien entendu, la France. [\u2026] On remarque alors que c\u2019est avec humilit\u00e9 et classe que l\u2019accord\u00e9oniste fait souffler son instrument. Ne d\u00e9roge d\u2019ailleurs pas \u00e0 cette r\u00e8gle cette pi\u00e8ce lancinante de sa propre composition. [\u2026] Majest\u00e9 et solennit\u00e9 se croisent m\u00eame quand intervient le chant de l\u2019artiste (pardi ! c\u2019est qu\u2019il sait aussi jouer de sa voix notre gaillard !).<\/p>\n\n\n\n<hr class=\"wp-block-separator has-css-opacity\"\/>\n\n\n\n<p><strong>Sophie Bourdais \/ T\u00e9l\u00e9rama (08\/04\/2024)<\/strong><\/p>\n\n\n\n<p align=\"justify\">[&#8230;] Trois autres magiciens \u2014 Pierre Cussac, Julien Giraudet, Robin Melchior \u2014 pr\u00e9sident \u00e0 l\u2019adaptation, pour l\u2019instrumentarium si particulier de la Symphonie de poche, des partitions d\u2019Anton\u00edn Dvo\u0159\u00e1k, B\u00e9la Bart\u00f3k, Johannes Brahms, Pablo de Sarasate et Ciprian Porumbescu.<\/p>\n\n\n\n<hr class=\"wp-block-separator has-alpha-channel-opacity\"\/>\n\n\n\n<p><strong>Classyk\u00e9o (10\/10\/2023)<\/strong><\/p>\n\n\n\n<p align=\"justify\">Pierre Cussac semble ma\u00eetriser son instrument depuis la nuit des temps. Son jeu dynamique est constamment \u00e9blouissant, mais pour le public : il ne perd jamais de vue la chanteuse. Et si la nuit tous les chats sont gris, c\u2019est l\u2019inverse pour son piano \u00e0 bretelles qui sait aussi plonger dans une version nocturne d\u2019 \u00ab E lucevan le stelle \u00bb (air de Tosca parlant des \u00e9toiles qui se l\u00e8vent). La finesse et l\u2019\u00e9motion de son interpr\u00e9tation font fondre le public comme la neige au soleil. Il ajoute \u00e9galement son grain de sel avec des interventions chant\u00e9es pour enrichir le son et le contraste du duo, avec un timbre plus sombre.<\/p>\n\n\n\n<hr class=\"wp-block-separator has-alpha-channel-opacity\"\/>\n\n\n\n<p><strong>Tania Bracq \/ Forum Op\u00e9ra (11\/08\/2023)<\/strong><\/p>\n\n\n\n<p align=\"justify\">L\u2019hymne \u00e0 la vie et \u00e0 la fuite du temps que constituent les \u00ab Deux escargots s\u2019en vont \u00e0 l\u2019enterrement \u00bb &nbsp;servis par l\u2019excellent accord\u00e9on de Pierre Cussac.<\/p>\n\n\n\n<hr class=\"wp-block-separator has-alpha-channel-opacity\"\/>\n\n\n\n<p><strong>Jean-Luc Clairet \/ ResMusica (30\/09\/2023)<\/strong><\/p>\n\n\n\n<p align=\"justify\">La jeune chanteuse fran\u00e7aise [&#8230;] est entour\u00e9e de certaine fine fleur solistique : l\u2019accord\u00e9on-diseur de Pierre Cussac, la clarinette furtive de Carjez Gerretsen, le violoncelle introspectif d\u2019Anthony Leroy, les percussions myst\u00e9rieuses et dansantes de Ludovic Montet.<\/p>\n\n\n\n<hr class=\"wp-block-separator has-alpha-channel-opacity\"\/>\n\n\n\n<p><strong>Christian Wasselin \/ WebTh\u00e9\u00e2tre (24\/06\/2019)<\/strong><\/p>\n\n\n\n<p align=\"justify\">Aux c\u00f4t\u00e9s des deux chanteurs-acteurs, un fin musicien : Pierre Cussac, celui d\u00e9j\u00e0 qui accompagnait Jean-Marc Salzmann dans l\u2019enregistrement Dappertutto. Un accord\u00e9oniste [\u2026] \u00e0 la fois d\u00e9licat, virtuose et capable d\u2019imiter le chant des oiseaux comme les fanfares qu\u2019on entend dans les cirques. Un instrumentiste charg\u00e9 aussi des arrangements, qui figure un orchestre \u00e0 lui seul.<\/p>\n\n\n\n<hr class=\"wp-block-separator has-alpha-channel-opacity\"\/>\n\n\n\n<p><strong>Mois\u00e9s Ord\u00f3\u00f1ez Alarc\u00f3n \/ Olyrix (26\/09\/2022)<\/strong><\/p>\n\n\n\n<p align=\"justify\">\u00ab Pierre Cussac ouvre le spectacle [&#8230;] Son interpr\u00e9tation passionn\u00e9e d\u00e9ploie des mouvements \u00e9l\u00e9gants et d\u00e9licats \u00bb<\/p>\n\n\n\n<hr class=\"wp-block-separator has-css-opacity\"\/>\n\n\n\n<p><strong>Francesco Bertini \/ Connessi all&rsquo;Opera (05\/10\/2018)<\/strong><\/p>\n\n\n\n<p align=\"justify\">\u00ab Le contexte est r\u00e9-\u00e9voqu\u00e9 au Palazzetto Bru-Zane par l&rsquo;accompagnement brillant et s\u00e9duisant de Pierre Cussac \u00e0 l&rsquo;accord\u00e9on \u00bb<\/p>\n\n\n\n<hr class=\"wp-block-separator has-css-opacity\"\/>\n\n\n\n<p><strong>Roberto Campanella \/ GB Opera Magazine (04\/10\/2018)<\/strong><\/p>\n\n\n\n<p align=\"justify\">\u00ab L&rsquo;accord\u00e9oniste Pierre Cussac a \u00e9t\u00e9 d\u00e9terminant pour le succ\u00e8s du spectacle. Il a soutenu les voix avec intelligence et sensibilit\u00e9, abordant son accompagnement peu banal avec musicalit\u00e9 et ma\u00eetrise technique \u00bb<\/p>\n\n\n\n<hr class=\"wp-block-separator has-css-opacity\"\/>\n\n\n\n<p><strong>Christian Wasselin \/ WebTh\u00e9\u00e2tre (03\/07\/2017)<\/strong><\/p>\n\n\n\n<p align=\"justify\">\u00ab Pierre Cussac fait preuve de la plus captivante imagination \u00bb<\/p>\n\n\n\n<hr class=\"wp-block-separator has-css-opacity\"\/>\n\n\n\n<p><strong>Sophie Bourdais \/ T\u00e9l\u00e9rama ffff (07\/11\/2017)<\/strong><\/p>\n\n\n\n<p align=\"justify\">\u00ab Eh bien dansez maintenant !, premier enregistrement de La Symphonie de Poche [\u2026] poss\u00e8de un charme fou \u00bb<\/p>\n","protected":false},"excerpt":{"rendered":"<p>Jean-Luc Clairet \/ ResMusica (25\/05\/2023) L\u2019homme-orchestre (et siffleur \u00e0 l\u2019occasion) [\u2026] dote chacune des c\u00e9l\u00e8bres compositions, revisit\u00e9es avec un talent d\u2019orf\u00e8vre, d\u2019une dramaturgie propre. A-t-on entendu un accord\u00e9on [\u2026] aussi inventif, aussi intelligent ? [\u2026] Agathe Peyrat et Pierre Cussac offrent de&nbsp;Je crois entendre encore&nbsp;des&nbsp;P\u00eacheurs de perles, une interpr\u00e9tation suffocante d\u2019\u00e9motion. Une heure inoubliable, que &hellip; <a href=\"http:\/\/pierrecussac.com\/?page_id=836\" class=\"more-link\">Continuer la lecture de <span class=\"screen-reader-text\">Presse<\/span>  <span class=\"meta-nav\">&rarr;<\/span><\/a><\/p>\n","protected":false},"author":1,"featured_media":0,"parent":0,"menu_order":5,"comment_status":"closed","ping_status":"closed","template":"","meta":{"footnotes":""},"_links":{"self":[{"href":"http:\/\/pierrecussac.com\/index.php?rest_route=\/wp\/v2\/pages\/836"}],"collection":[{"href":"http:\/\/pierrecussac.com\/index.php?rest_route=\/wp\/v2\/pages"}],"about":[{"href":"http:\/\/pierrecussac.com\/index.php?rest_route=\/wp\/v2\/types\/page"}],"author":[{"embeddable":true,"href":"http:\/\/pierrecussac.com\/index.php?rest_route=\/wp\/v2\/users\/1"}],"replies":[{"embeddable":true,"href":"http:\/\/pierrecussac.com\/index.php?rest_route=%2Fwp%2Fv2%2Fcomments&post=836"}],"version-history":[{"count":49,"href":"http:\/\/pierrecussac.com\/index.php?rest_route=\/wp\/v2\/pages\/836\/revisions"}],"predecessor-version":[{"id":1116,"href":"http:\/\/pierrecussac.com\/index.php?rest_route=\/wp\/v2\/pages\/836\/revisions\/1116"}],"wp:attachment":[{"href":"http:\/\/pierrecussac.com\/index.php?rest_route=%2Fwp%2Fv2%2Fmedia&parent=836"}],"curies":[{"name":"wp","href":"https:\/\/api.w.org\/{rel}","templated":true}]}}