{"id":11,"date":"2014-06-22T22:34:53","date_gmt":"2014-06-22T21:34:53","guid":{"rendered":"http:\/\/pierrecussac.com\/?page_id=11"},"modified":"2025-07-15T18:13:55","modified_gmt":"2025-07-15T17:13:55","slug":"parcours","status":"publish","type":"page","link":"http:\/\/pierrecussac.com\/?page_id=11","title":{"rendered":"Parcours"},"content":{"rendered":"<p style=\"text-align: justify;\"><a href=\"http:\/\/pierrecussac.com\/wp-content\/uploads\/2016\/11\/bio.jpg\" rel=\"lightbox[11]\"><img loading=\"lazy\" decoding=\"async\" class=\"aligncenter wp-image-416 size-full\" src=\"http:\/\/pierrecussac.com\/wp-content\/uploads\/2016\/11\/bio.jpg\" alt=\"bio\" width=\"639\" height=\"316\" srcset=\"http:\/\/pierrecussac.com\/wp-content\/uploads\/2016\/11\/bio.jpg 639w, http:\/\/pierrecussac.com\/wp-content\/uploads\/2016\/11\/bio-300x148.jpg 300w\" sizes=\"(max-width: 639px) 100vw, 639px\" \/><\/a><\/p>\n<p style=\"text-align: justify;\">Accord\u00e9oniste et bandon\u00e9oniste, Pierre Cussac d\u00e9veloppe un langage aux influences multiples \u2013 musiques classiques, traditionnelles, jazz \u2013 o\u00f9 l\u2019improvisation tient une place essentielle. Artiste \u00e9clectique et cr\u00e9atif, il compose, arrange, et \u00e9labore des programmes pour les formations les plus diverses, allant du r\u00e9cital solo au grand ensemble.<\/p>\n<p style=\"text-align: justify;\">Impliqu\u00e9 dans de nombreux projets, il collabore \u00e9troitement avec Agathe Peyrat, Fiona Monbet, la Symphonie de Poche, Deborah Nemtanu, H\u00e9l\u00e8ne Escriva, Harmonie Deschamps, les Lunaisiens, Edouard Signolet, Vir\u00eavolte, l\u2019ONCEIM&#8230; Il est \u00e9galement l\u2019invit\u00e9 d\u2019orchestres et d\u2019ensembles (Orchestre de la Suisse Romande, Orchestre de l\u2019Op\u00e9ra de Paris &#8211; sous la direction de Gustavo Dudamel -, Philharmonique de Radio France, de Strasbourg, ONDIF, Les Frivolit\u00e9s Parisiennes, 2e2m, Klangforum Wien, TM+), avec lesquels il a eu l\u2019occasion de se produire en soliste.<\/p>\n<p style=\"text-align: justify;\">Depuis 2008, il participe \u00e0 de multiples albums et donne des concerts \u00e0 l\u2019international sur des sc\u00e8nes telles que : Tokyo Forum International (Japon), Salle Bourgie de Montr\u00e9al (Canada), Philharmonie de Berlin (Allemagne), NCPA Mumbai (Inde), H\u00f4tel Palmyra Baalbek (Liban), Jazz \u00e0 Marseille, Festival Django Reinhardt, Caf\u00e9 de la Danse, Op\u00e9ra et Philharmonie de Paris, Seine Musicale, Th\u00e9\u00e2tre des Champs-Elys\u00e9es, Op\u00e9ra Comique, Salle Pleyel, Auditorium de Radio France\u2026<\/p>\n<p style=\"text-align: justify;\">Laur\u00e9at de la Fondation CZIFFRA et Prix du Concours g\u00e9n\u00e9ral des lyc\u00e9es, il est dipl\u00f4m\u00e9 du CNSMD de Paris et de l\u2019Universit\u00e9 Sorbonne IV.<\/p>\n\n\n<hr class=\"wp-block-separator has-alpha-channel-opacity is-style-wide\"\/>\n\n\n<p style=\"text-align: justify;\">Accordionist and bandoneonist, Pierre Cussac develops a language with multiple influences &#8211; classical, traditional and jazz music &#8211; in which improvisation plays an essential role. An eclectic and creative artist, he composes, arranges and develops programs for a wide variety of formations, from solo recitals to large ensembles.<\/p>\n<p style=\"text-align: justify;\">Involved in numerous projects, he works closely with Agathe Peyrat, Fiona Monbet, la Symphonie de Poche, Deborah Nemtanu, H\u00e9l\u00e8ne Escriva, Harmonie Deschamps, les Lunaisiens, Edouard Signolet, Vir\u00eavolte, l\u2019ONCEIM&#8230; He has also appeared as soloist with orchestras and ensembles such as Orchestre de la Suisse Romande, Orchestre de l\u2019Op\u00e9ra de Paris &#8211; conducted by Gustavo Dudamel -, Philharmonique de Radio France, Strasbourg, ONDIF, Les Frivolit\u00e9s Parisiennes, 2e2m, Klangforum Wien and TM+.<\/p>\n<p style=\"text-align: justify;\">Since 2008, he has taken part in a number of albums and performed internationally on stages such as Tokyo Forum International (Japan), Salle Bourgie in Montreal (Canada), Berlin Philharmonic (Germany), NCPA Mumbai (India), H\u00f4tel Palmyra Baalbek (Lebanon), Jazz \u00e0 Marseille, Festival Django Reinhardt, Caf\u00e9 de la Danse, Op\u00e9ra et Philharmonie de Paris, Seine Musicale, Th\u00e9\u00e2tre des Champs-\u00c9lys\u00e9es, Op\u00e9ra Comique, Salle Pleyel, Auditorium de Radio France&#8230;<\/p>\n<p style=\"text-align: justify;\">Laureate of the CZIFFRA Foundation and winner of the Concours g\u00e9n\u00e9ral des lyc\u00e9es, he is a graduate of the Paris CNSMD and Sorbonne IV University.<\/p>","protected":false},"excerpt":{"rendered":"<p>Accord\u00e9oniste et bandon\u00e9oniste, Pierre Cussac d\u00e9veloppe un langage aux influences multiples \u2013 musiques classiques, traditionnelles, jazz \u2013 o\u00f9 l\u2019improvisation tient une place essentielle. Artiste \u00e9clectique et cr\u00e9atif, il compose, arrange, et \u00e9labore des programmes pour les formations les plus diverses, allant du r\u00e9cital solo au grand ensemble. Impliqu\u00e9 dans de nombreux projets, il collabore \u00e9troitement &hellip; <a href=\"http:\/\/pierrecussac.com\/?page_id=11\" class=\"more-link\">Continuer la lecture de <span class=\"screen-reader-text\">Parcours<\/span>  <span class=\"meta-nav\">&rarr;<\/span><\/a><\/p>\n","protected":false},"author":1,"featured_media":0,"parent":0,"menu_order":3,"comment_status":"closed","ping_status":"open","template":"","meta":{"footnotes":""},"_links":{"self":[{"href":"http:\/\/pierrecussac.com\/index.php?rest_route=\/wp\/v2\/pages\/11"}],"collection":[{"href":"http:\/\/pierrecussac.com\/index.php?rest_route=\/wp\/v2\/pages"}],"about":[{"href":"http:\/\/pierrecussac.com\/index.php?rest_route=\/wp\/v2\/types\/page"}],"author":[{"embeddable":true,"href":"http:\/\/pierrecussac.com\/index.php?rest_route=\/wp\/v2\/users\/1"}],"replies":[{"embeddable":true,"href":"http:\/\/pierrecussac.com\/index.php?rest_route=%2Fwp%2Fv2%2Fcomments&post=11"}],"version-history":[{"count":51,"href":"http:\/\/pierrecussac.com\/index.php?rest_route=\/wp\/v2\/pages\/11\/revisions"}],"predecessor-version":[{"id":1103,"href":"http:\/\/pierrecussac.com\/index.php?rest_route=\/wp\/v2\/pages\/11\/revisions\/1103"}],"wp:attachment":[{"href":"http:\/\/pierrecussac.com\/index.php?rest_route=%2Fwp%2Fv2%2Fmedia&parent=11"}],"curies":[{"name":"wp","href":"https:\/\/api.w.org\/{rel}","templated":true}]}}